{"id":507,"date":"2018-04-05T15:20:03","date_gmt":"2018-04-05T21:20:03","guid":{"rendered":"https:\/\/disenoweb.facmed.unam.mx\/?page_id=507"},"modified":"2018-04-25T12:42:58","modified_gmt":"2018-04-25T18:42:58","slug":"nueva-entrada","status":"publish","type":"page","link":"https:\/\/disenoweb.facmed.unam.mx\/index.php\/nueva-entrada\/","title":{"rendered":"Nueva Entrada"},"content":{"rendered":"<p>[et_pb_section fb_built=\u00bb1&#8243; background_color=\u00bb#f7f7f7&#8243; _builder_version=\u00bb3.0.94&#8243;][et_pb_row custom_padding=\u00bb0px|0px|27px|0px\u00bb _builder_version=\u00bb3.0.47&#8243; background_size=\u00bbinitial\u00bb background_position=\u00bbtop_left\u00bb background_repeat=\u00bbrepeat\u00bb][et_pb_column type=\u00bb4_4&#8243; _builder_version=\u00bb3.0.94&#8243; parallax=\u00bboff\u00bb parallax_method=\u00bbon\u00bb][et_pb_text _builder_version=\u00bb3.0.94&#8243; text_font=\u00bb||||||||\u00bb text_font_size=\u00bb81px\u00bb text_text_color=\u00bb#0cbbce\u00bb header_font=\u00bb||||||||\u00bb header_text_align=\u00bbcenter\u00bb text_orientation=\u00bbcenter\u00bb]<\/p>\n<p><span class=\"fa fa-columns\"> <\/span><\/p>\n<h1><strong>A\u00f1adir una Nueva Entrada<br \/><\/strong><\/h1>\n<p>[\/et_pb_text][\/et_pb_column][\/et_pb_row][\/et_pb_section][et_pb_section fb_built=\u00bb1&#8243; _builder_version=\u00bb3.0.94&#8243; custom_padding=\u00bb7px|0px|54px|0px\u00bb][et_pb_row _builder_version=\u00bb3.0.94&#8243;][et_pb_column type=\u00bb4_4&#8243; _builder_version=\u00bb3.0.94&#8243; parallax=\u00bboff\u00bb parallax_method=\u00bbon\u00bb][et_pb_text _builder_version=\u00bb3.0.94&#8243;]<\/p>\n<p>Las <strong>entradas<\/strong> o <strong>posts<\/strong> son las noticias o art\u00edculos que forman parte del diario, del blog propiamente dicho. Se organizan de forma cronol\u00f3gica, admiten categor\u00edas y etiquetas.<\/p>\n<p>Generalmente en los blogs, en la p\u00e1gina principal se escriben las entradas (post), son textos que van apareciendo a los visitantes en orden cronol\u00f3gico inverso, es decir, lo m\u00e1s nuevo aparece primero y lo m\u00e1s viejo va debajo.<\/p>\n<h2><\/h2>\n<p>&nbsp;<\/p>\n<h2><strong>Video<\/strong><\/h2>\n<p>[\/et_pb_text][et_pb_video src=\u00bbhttps:\/\/disenoweb.facmed.unam.mx\/wp-content\/uploads\/2018\/04\/subir-entrada.mov\u00bb _builder_version=\u00bb3.0.94&#8243;][\/et_pb_video][\/et_pb_column][\/et_pb_row][\/et_pb_section]<\/p>\n","protected":false},"excerpt":{"rendered":"<p>A\u00f1adir una Nueva EntradaLas entradas o posts son las noticias o art\u00edculos que forman parte del diario, del blog propiamente dicho. Se organizan de forma cronol\u00f3gica, admiten categor\u00edas y etiquetas. Generalmente en los blogs, en la p\u00e1gina principal se escriben las entradas (post), son textos que van apareciendo a los visitantes en orden cronol\u00f3gico inverso, [&hellip;]<\/p>\n","protected":false},"author":1,"featured_media":0,"parent":0,"menu_order":0,"comment_status":"closed","ping_status":"closed","template":"","meta":{"_et_pb_use_builder":"on","_et_pb_old_content":"","_et_gb_content_width":"","jetpack_post_was_ever_published":false,"footnotes":""},"jetpack_sharing_enabled":true,"jetpack_shortlink":"https:\/\/wp.me\/PaVGAT-8b","amp_enabled":true,"_links":{"self":[{"href":"https:\/\/disenoweb.facmed.unam.mx\/index.php\/wp-json\/wp\/v2\/pages\/507"}],"collection":[{"href":"https:\/\/disenoweb.facmed.unam.mx\/index.php\/wp-json\/wp\/v2\/pages"}],"about":[{"href":"https:\/\/disenoweb.facmed.unam.mx\/index.php\/wp-json\/wp\/v2\/types\/page"}],"author":[{"embeddable":true,"href":"https:\/\/disenoweb.facmed.unam.mx\/index.php\/wp-json\/wp\/v2\/users\/1"}],"replies":[{"embeddable":true,"href":"https:\/\/disenoweb.facmed.unam.mx\/index.php\/wp-json\/wp\/v2\/comments?post=507"}],"version-history":[{"count":10,"href":"https:\/\/disenoweb.facmed.unam.mx\/index.php\/wp-json\/wp\/v2\/pages\/507\/revisions"}],"predecessor-version":[{"id":1416,"href":"https:\/\/disenoweb.facmed.unam.mx\/index.php\/wp-json\/wp\/v2\/pages\/507\/revisions\/1416"}],"wp:attachment":[{"href":"https:\/\/disenoweb.facmed.unam.mx\/index.php\/wp-json\/wp\/v2\/media?parent=507"}],"curies":[{"name":"wp","href":"https:\/\/api.w.org\/{rel}","templated":true}]}}