{"id":588,"date":"2018-04-06T08:15:53","date_gmt":"2018-04-06T14:15:53","guid":{"rendered":"https:\/\/disenoweb.facmed.unam.mx\/?page_id=588"},"modified":"2018-04-25T12:42:29","modified_gmt":"2018-04-25T18:42:29","slug":"editar-pagina","status":"publish","type":"page","link":"https:\/\/disenoweb.facmed.unam.mx\/index.php\/editar-pagina\/","title":{"rendered":"Editar p\u00e1gina"},"content":{"rendered":"<p>[et_pb_section fb_built=\u00bb1&#8243; background_color=\u00bb#f7f7f7&#8243; _builder_version=\u00bb3.0.94&#8243;][et_pb_row custom_padding=\u00bb0px|0px|27px|0px\u00bb _builder_version=\u00bb3.0.47&#8243; background_size=\u00bbinitial\u00bb background_position=\u00bbtop_left\u00bb background_repeat=\u00bbrepeat\u00bb][et_pb_column type=\u00bb4_4&#8243; _builder_version=\u00bb3.0.94&#8243; parallax=\u00bboff\u00bb parallax_method=\u00bbon\u00bb][et_pb_text _builder_version=\u00bb3.0.94&#8243; text_font=\u00bb||||||||\u00bb text_font_size=\u00bb81px\u00bb text_text_color=\u00bb#0cbbce\u00bb header_font=\u00bb||||||||\u00bb header_text_align=\u00bbcenter\u00bb text_orientation=\u00bbcenter\u00bb]<span class=\"fa fa-image\"> <\/span><\/p>\n<h1><strong>Editar una p\u00e1gina (texto e imagen)<br \/>\n<\/strong><\/h1>\n<p>[\/et_pb_text][\/et_pb_column][\/et_pb_row][\/et_pb_section][et_pb_section fb_built=\u00bb1&#8243; _builder_version=\u00bb3.0.94&#8243;][et_pb_row custom_padding=\u00bb2px|0px|27px|0px\u00bb _builder_version=\u00bb3.0.94&#8243;][et_pb_column type=\u00bb4_4&#8243; _builder_version=\u00bb3.0.94&#8243; parallax=\u00bboff\u00bb parallax_method=\u00bbon\u00bb][et_pb_text _builder_version=\u00bb3.0.94&#8243;]<\/p>\n<p>Crearemos una p\u00e1gina desde cero y agregaremos elementos b\u00e1sicos de dise\u00f1o.\u00a0 <strong>Abajo del tutorial escrito podemos consultar en tutorial en v\u00eddeo.<\/strong><\/p>\n<p>[\/et_pb_text][et_pb_tabs active_tab_background_color=\u00bb#0dbdd8&#8243; _builder_version=\u00bb3.0.94&#8243; tab_font=\u00bb||||||||\u00bb][et_pb_tab title=\u00bb1. P\u00e1ginas-A\u00f1adir nueva\u00bb _builder_version=\u00bb3.0.94&#8243;]<img loading=\"lazy\" decoding=\"async\" src=\"https:\/\/disenoweb.facmed.unam.mx\/wp-content\/uploads\/2018\/04\/Captura-de-pantalla-2018-04-06-a-las-10.03.10-a.m..png\" width=\"1492\" height=\"882\" alt=\"\" class=\"wp-image-616 alignnone size-full\" srcset=\"https:\/\/disenoweb.facmed.unam.mx\/wp-content\/uploads\/2018\/04\/Captura-de-pantalla-2018-04-06-a-las-10.03.10-a.m..png 1492w, https:\/\/disenoweb.facmed.unam.mx\/wp-content\/uploads\/2018\/04\/Captura-de-pantalla-2018-04-06-a-las-10.03.10-a.m.-300x177.png 300w, https:\/\/disenoweb.facmed.unam.mx\/wp-content\/uploads\/2018\/04\/Captura-de-pantalla-2018-04-06-a-las-10.03.10-a.m.-768x454.png 768w, https:\/\/disenoweb.facmed.unam.mx\/wp-content\/uploads\/2018\/04\/Captura-de-pantalla-2018-04-06-a-las-10.03.10-a.m.-1024x605.png 1024w, https:\/\/disenoweb.facmed.unam.mx\/wp-content\/uploads\/2018\/04\/Captura-de-pantalla-2018-04-06-a-las-10.03.10-a.m.-1080x638.png 1080w\" sizes=\"(max-width: 1492px) 100vw, 1492px\" \/>[\/et_pb_tab][et_pb_tab title=\u00bb2. Escribir el nombre \u00bb _builder_version=\u00bb3.0.94&#8243;]<\/p>\n<p>Escribimos el\u00a0 nombre de la p\u00e1gina, publicamos y entramos al enlace que nos marca.<\/p>\n<p><img loading=\"lazy\" decoding=\"async\" src=\"..\/..\/wp-content\/uploads\/2018\/04\/Captura-de-pantalla-2018-04-06-a-las-9.54.30-a.m..png\" alt=\"\" class=\"wp-image-618 alignnone size-full\" width=\"2590\" height=\"1076\" srcset=\"https:\/\/disenoweb.facmed.unam.mx\/wp-content\/uploads\/2018\/04\/Captura-de-pantalla-2018-04-06-a-las-9.54.30-a.m..png 2590w, https:\/\/disenoweb.facmed.unam.mx\/wp-content\/uploads\/2018\/04\/Captura-de-pantalla-2018-04-06-a-las-9.54.30-a.m.-300x125.png 300w, https:\/\/disenoweb.facmed.unam.mx\/wp-content\/uploads\/2018\/04\/Captura-de-pantalla-2018-04-06-a-las-9.54.30-a.m.-768x319.png 768w, https:\/\/disenoweb.facmed.unam.mx\/wp-content\/uploads\/2018\/04\/Captura-de-pantalla-2018-04-06-a-las-9.54.30-a.m.-1024x425.png 1024w, https:\/\/disenoweb.facmed.unam.mx\/wp-content\/uploads\/2018\/04\/Captura-de-pantalla-2018-04-06-a-las-9.54.30-a.m.-1080x449.png 1080w\" sizes=\"(max-width: 2590px) 100vw, 2590px\" \/><\/p>\n<p><img loading=\"lazy\" decoding=\"async\" src=\"..\/..\/wp-content\/uploads\/2018\/04\/Captura-de-pantalla-2018-04-06-a-las-10.07.13-a.m..png\" alt=\"\" class=\"wp-image-621 alignnone size-full\" width=\"1900\" height=\"542\" srcset=\"https:\/\/disenoweb.facmed.unam.mx\/wp-content\/uploads\/2018\/04\/Captura-de-pantalla-2018-04-06-a-las-10.07.13-a.m..png 1900w, https:\/\/disenoweb.facmed.unam.mx\/wp-content\/uploads\/2018\/04\/Captura-de-pantalla-2018-04-06-a-las-10.07.13-a.m.-300x86.png 300w, https:\/\/disenoweb.facmed.unam.mx\/wp-content\/uploads\/2018\/04\/Captura-de-pantalla-2018-04-06-a-las-10.07.13-a.m.-768x219.png 768w, https:\/\/disenoweb.facmed.unam.mx\/wp-content\/uploads\/2018\/04\/Captura-de-pantalla-2018-04-06-a-las-10.07.13-a.m.-1024x292.png 1024w, https:\/\/disenoweb.facmed.unam.mx\/wp-content\/uploads\/2018\/04\/Captura-de-pantalla-2018-04-06-a-las-10.07.13-a.m.-1080x308.png 1080w\" sizes=\"(max-width: 1900px) 100vw, 1900px\" \/><\/p>\n<p>[\/et_pb_tab][et_pb_tab title=\u00bb3. Habilitamos el constructor visual\u00bb _builder_version=\u00bb3.0.94&#8243;]<\/p>\n<p><img loading=\"lazy\" decoding=\"async\" src=\"https:\/\/disenoweb.facmed.unam.mx\/wp-content\/uploads\/2018\/04\/Captura-de-pantalla-2018-04-06-a-las-9.54.56-a.m..png\" alt=\"\" class=\"wp-image-622 alignnone size-full\" height=\"990\" width=\"2104\" srcset=\"https:\/\/disenoweb.facmed.unam.mx\/wp-content\/uploads\/2018\/04\/Captura-de-pantalla-2018-04-06-a-las-9.54.56-a.m..png 2104w, https:\/\/disenoweb.facmed.unam.mx\/wp-content\/uploads\/2018\/04\/Captura-de-pantalla-2018-04-06-a-las-9.54.56-a.m.-300x141.png 300w, https:\/\/disenoweb.facmed.unam.mx\/wp-content\/uploads\/2018\/04\/Captura-de-pantalla-2018-04-06-a-las-9.54.56-a.m.-768x361.png 768w, https:\/\/disenoweb.facmed.unam.mx\/wp-content\/uploads\/2018\/04\/Captura-de-pantalla-2018-04-06-a-las-9.54.56-a.m.-1024x482.png 1024w, https:\/\/disenoweb.facmed.unam.mx\/wp-content\/uploads\/2018\/04\/Captura-de-pantalla-2018-04-06-a-las-9.54.56-a.m.-1080x508.png 1080w\" sizes=\"(max-width: 2104px) 100vw, 2104px\" \/><\/p>\n<p>[\/et_pb_tab][et_pb_tab title=\u00bb4. Agregamos columnas \u00bb _builder_version=\u00bb3.0.94&#8243;]<\/p>\n<p>Seleccionamos el bot\u00f3n verde \u00ab+\u00bb y agregamos el n\u00famero de columnas.\u00a0<\/p>\n<p><img loading=\"lazy\" decoding=\"async\" src=\"https:\/\/disenoweb.facmed.unam.mx\/wp-content\/uploads\/2018\/04\/Captura-de-pantalla-2018-04-06-a-las-9.55.14-a.m..png\" alt=\"\" class=\"wp-image-623 alignnone size-full\" height=\"1040\" width=\"1924\" srcset=\"https:\/\/disenoweb.facmed.unam.mx\/wp-content\/uploads\/2018\/04\/Captura-de-pantalla-2018-04-06-a-las-9.55.14-a.m..png 1924w, https:\/\/disenoweb.facmed.unam.mx\/wp-content\/uploads\/2018\/04\/Captura-de-pantalla-2018-04-06-a-las-9.55.14-a.m.-300x162.png 300w, https:\/\/disenoweb.facmed.unam.mx\/wp-content\/uploads\/2018\/04\/Captura-de-pantalla-2018-04-06-a-las-9.55.14-a.m.-768x415.png 768w, https:\/\/disenoweb.facmed.unam.mx\/wp-content\/uploads\/2018\/04\/Captura-de-pantalla-2018-04-06-a-las-9.55.14-a.m.-1024x554.png 1024w, https:\/\/disenoweb.facmed.unam.mx\/wp-content\/uploads\/2018\/04\/Captura-de-pantalla-2018-04-06-a-las-9.55.14-a.m.-1080x584.png 1080w\" sizes=\"(max-width: 1924px) 100vw, 1924px\" \/><\/p>\n<p>[\/et_pb_tab][et_pb_tab title=\u00bb5. Agregamos texto\u00bb _builder_version=\u00bb3.0.94&#8243;]<\/p>\n<p>Cuando agregamos la columnas nos otorga la posibilidad de agregar diferentes m\u00f3dulos, seleccionamos el modulo que de texto y agregamos el texto en la ventana correspondiente, podemos darle diferentes formatos con las herramientas que nos otorga.\u00a0<\/p>\n<p><img loading=\"lazy\" decoding=\"async\" src=\"https:\/\/disenoweb.facmed.unam.mx\/wp-content\/uploads\/2018\/04\/Captura-de-pantalla-2018-04-06-a-las-9.55.22-a.m..png\" alt=\"\" class=\"wp-image-625 alignnone size-full\" height=\"1068\" width=\"1942\" srcset=\"https:\/\/disenoweb.facmed.unam.mx\/wp-content\/uploads\/2018\/04\/Captura-de-pantalla-2018-04-06-a-las-9.55.22-a.m..png 1942w, https:\/\/disenoweb.facmed.unam.mx\/wp-content\/uploads\/2018\/04\/Captura-de-pantalla-2018-04-06-a-las-9.55.22-a.m.-300x165.png 300w, https:\/\/disenoweb.facmed.unam.mx\/wp-content\/uploads\/2018\/04\/Captura-de-pantalla-2018-04-06-a-las-9.55.22-a.m.-768x422.png 768w, https:\/\/disenoweb.facmed.unam.mx\/wp-content\/uploads\/2018\/04\/Captura-de-pantalla-2018-04-06-a-las-9.55.22-a.m.-1024x563.png 1024w, https:\/\/disenoweb.facmed.unam.mx\/wp-content\/uploads\/2018\/04\/Captura-de-pantalla-2018-04-06-a-las-9.55.22-a.m.-1080x594.png 1080w\" sizes=\"(max-width: 1942px) 100vw, 1942px\" \/><img loading=\"lazy\" decoding=\"async\" src=\"https:\/\/disenoweb.facmed.unam.mx\/wp-content\/uploads\/2018\/04\/Captura-de-pantalla-2018-04-06-a-las-9.55.28-a.m..png\" alt=\"\" class=\"wp-image-624 alignnone size-full\" height=\"1368\" width=\"2680\" srcset=\"https:\/\/disenoweb.facmed.unam.mx\/wp-content\/uploads\/2018\/04\/Captura-de-pantalla-2018-04-06-a-las-9.55.28-a.m..png 2680w, https:\/\/disenoweb.facmed.unam.mx\/wp-content\/uploads\/2018\/04\/Captura-de-pantalla-2018-04-06-a-las-9.55.28-a.m.-300x153.png 300w, https:\/\/disenoweb.facmed.unam.mx\/wp-content\/uploads\/2018\/04\/Captura-de-pantalla-2018-04-06-a-las-9.55.28-a.m.-768x392.png 768w, https:\/\/disenoweb.facmed.unam.mx\/wp-content\/uploads\/2018\/04\/Captura-de-pantalla-2018-04-06-a-las-9.55.28-a.m.-1024x523.png 1024w, https:\/\/disenoweb.facmed.unam.mx\/wp-content\/uploads\/2018\/04\/Captura-de-pantalla-2018-04-06-a-las-9.55.28-a.m.-1080x551.png 1080w\" sizes=\"(max-width: 2680px) 100vw, 2680px\" \/><\/p>\n<p>[\/et_pb_tab][et_pb_tab title=\u00bb6. Agregamos multimedia \u00bb _builder_version=\u00bb3.0.94&#8243;]<\/p>\n<p>Podemos agregar v\u00eddeo o imagen seleccionado el modulo correspondiente.<\/p>\n<p><strong><img loading=\"lazy\" decoding=\"async\" src=\"..\/..\/wp-content\/uploads\/2018\/04\/Captura-de-pantalla-2018-04-06-a-las-9.55.48-a.m..png\" alt=\"\" class=\"wp-image-627 alignnone size-full\" width=\"2468\" height=\"1106\" srcset=\"https:\/\/disenoweb.facmed.unam.mx\/wp-content\/uploads\/2018\/04\/Captura-de-pantalla-2018-04-06-a-las-9.55.48-a.m..png 2468w, https:\/\/disenoweb.facmed.unam.mx\/wp-content\/uploads\/2018\/04\/Captura-de-pantalla-2018-04-06-a-las-9.55.48-a.m.-300x134.png 300w, https:\/\/disenoweb.facmed.unam.mx\/wp-content\/uploads\/2018\/04\/Captura-de-pantalla-2018-04-06-a-las-9.55.48-a.m.-768x344.png 768w, https:\/\/disenoweb.facmed.unam.mx\/wp-content\/uploads\/2018\/04\/Captura-de-pantalla-2018-04-06-a-las-9.55.48-a.m.-1024x459.png 1024w, https:\/\/disenoweb.facmed.unam.mx\/wp-content\/uploads\/2018\/04\/Captura-de-pantalla-2018-04-06-a-las-9.55.48-a.m.-1080x484.png 1080w\" sizes=\"(max-width: 2468px) 100vw, 2468px\" \/><\/strong><\/p>\n<p><strong><\/strong><\/p>\n<p><strong>Podemos subir im\u00e1genes desde el ordenador o seleccionar alguna de la biblioteca multimedia. <\/strong><\/p>\n<p><img loading=\"lazy\" decoding=\"async\" src=\"..\/..\/wp-content\/uploads\/2018\/04\/Captura-de-pantalla-2018-04-06-a-las-9.55.54-a.m..png\" alt=\"\" class=\"wp-image-626 alignnone size-full\" width=\"2484\" height=\"1184\" srcset=\"https:\/\/disenoweb.facmed.unam.mx\/wp-content\/uploads\/2018\/04\/Captura-de-pantalla-2018-04-06-a-las-9.55.54-a.m..png 2484w, https:\/\/disenoweb.facmed.unam.mx\/wp-content\/uploads\/2018\/04\/Captura-de-pantalla-2018-04-06-a-las-9.55.54-a.m.-300x143.png 300w, https:\/\/disenoweb.facmed.unam.mx\/wp-content\/uploads\/2018\/04\/Captura-de-pantalla-2018-04-06-a-las-9.55.54-a.m.-768x366.png 768w, https:\/\/disenoweb.facmed.unam.mx\/wp-content\/uploads\/2018\/04\/Captura-de-pantalla-2018-04-06-a-las-9.55.54-a.m.-1024x488.png 1024w, https:\/\/disenoweb.facmed.unam.mx\/wp-content\/uploads\/2018\/04\/Captura-de-pantalla-2018-04-06-a-las-9.55.54-a.m.-1080x515.png 1080w\" sizes=\"(max-width: 2484px) 100vw, 2484px\" \/>\u00a0 <img loading=\"lazy\" decoding=\"async\" src=\"..\/..\/wp-content\/uploads\/2018\/04\/Captura-de-pantalla-2018-04-06-a-las-9.56.09-a.m..png\" alt=\"\" class=\"wp-image-628 alignnone size-full\" width=\"2454\" height=\"1146\" srcset=\"https:\/\/disenoweb.facmed.unam.mx\/wp-content\/uploads\/2018\/04\/Captura-de-pantalla-2018-04-06-a-las-9.56.09-a.m..png 2454w, https:\/\/disenoweb.facmed.unam.mx\/wp-content\/uploads\/2018\/04\/Captura-de-pantalla-2018-04-06-a-las-9.56.09-a.m.-300x140.png 300w, https:\/\/disenoweb.facmed.unam.mx\/wp-content\/uploads\/2018\/04\/Captura-de-pantalla-2018-04-06-a-las-9.56.09-a.m.-768x359.png 768w, https:\/\/disenoweb.facmed.unam.mx\/wp-content\/uploads\/2018\/04\/Captura-de-pantalla-2018-04-06-a-las-9.56.09-a.m.-1024x478.png 1024w, https:\/\/disenoweb.facmed.unam.mx\/wp-content\/uploads\/2018\/04\/Captura-de-pantalla-2018-04-06-a-las-9.56.09-a.m.-1080x504.png 1080w\" sizes=\"(max-width: 2454px) 100vw, 2454px\" \/><\/p>\n<p>[\/et_pb_tab][et_pb_tab title=\u00bb7. Guardamos \u00bb _builder_version=\u00bb3.0.94&#8243;]<\/p>\n<p>Podemos guardar de dos maneras.<\/p>\n<p>1.Dando click en el menu inferior &#8211; Guardar-<\/p>\n<p>2- Ctrl + S<\/p>\n<p><img loading=\"lazy\" decoding=\"async\" src=\"https:\/\/disenoweb.facmed.unam.mx\/wp-content\/uploads\/2018\/04\/Captura-de-pantalla-2018-04-06-a-las-10.19.01-a.m..png\" alt=\"\" class=\"wp-image-630 alignnone size-full\" height=\"322\" width=\"2862\" srcset=\"https:\/\/disenoweb.facmed.unam.mx\/wp-content\/uploads\/2018\/04\/Captura-de-pantalla-2018-04-06-a-las-10.19.01-a.m..png 2862w, https:\/\/disenoweb.facmed.unam.mx\/wp-content\/uploads\/2018\/04\/Captura-de-pantalla-2018-04-06-a-las-10.19.01-a.m.-300x34.png 300w, https:\/\/disenoweb.facmed.unam.mx\/wp-content\/uploads\/2018\/04\/Captura-de-pantalla-2018-04-06-a-las-10.19.01-a.m.-768x86.png 768w, https:\/\/disenoweb.facmed.unam.mx\/wp-content\/uploads\/2018\/04\/Captura-de-pantalla-2018-04-06-a-las-10.19.01-a.m.-1024x115.png 1024w, https:\/\/disenoweb.facmed.unam.mx\/wp-content\/uploads\/2018\/04\/Captura-de-pantalla-2018-04-06-a-las-10.19.01-a.m.-1080x122.png 1080w\" sizes=\"(max-width: 2862px) 100vw, 2862px\" \/><\/p>\n<p>[\/et_pb_tab][\/et_pb_tabs][et_pb_text _builder_version=\u00bb3.0.94&#8243;]<\/p>\n<h1><strong>Video<\/strong><\/h1>\n<p>[\/et_pb_text][et_pb_video src=\u00bbhttps:\/\/disenoweb.facmed.unam.mx\/wp-content\/uploads\/2018\/04\/editar-pa\u0301gina.mov\u00bb _builder_version=\u00bb3.0.94&#8243;][\/et_pb_video][\/et_pb_column][\/et_pb_row][\/et_pb_section]<\/p>\n","protected":false},"excerpt":{"rendered":"<p>Editar una p\u00e1gina (texto e imagen) Crearemos una p\u00e1gina desde cero y agregaremos elementos b\u00e1sicos de dise\u00f1o.\u00a0 Abajo del tutorial escrito podemos consultar en tutorial en v\u00eddeo.Escribimos el\u00a0 nombre de la p\u00e1gina, publicamos y entramos al enlace que nos marca. Seleccionamos el bot\u00f3n verde \u00ab+\u00bb y agregamos el n\u00famero de columnas.\u00a0 Cuando agregamos la columnas [&hellip;]<\/p>\n","protected":false},"author":1,"featured_media":0,"parent":0,"menu_order":0,"comment_status":"closed","ping_status":"closed","template":"","meta":{"_et_pb_use_builder":"on","_et_pb_old_content":"","_et_gb_content_width":"","jetpack_post_was_ever_published":false,"footnotes":""},"jetpack_sharing_enabled":true,"jetpack_shortlink":"https:\/\/wp.me\/PaVGAT-9u","amp_enabled":true,"_links":{"self":[{"href":"https:\/\/disenoweb.facmed.unam.mx\/index.php\/wp-json\/wp\/v2\/pages\/588"}],"collection":[{"href":"https:\/\/disenoweb.facmed.unam.mx\/index.php\/wp-json\/wp\/v2\/pages"}],"about":[{"href":"https:\/\/disenoweb.facmed.unam.mx\/index.php\/wp-json\/wp\/v2\/types\/page"}],"author":[{"embeddable":true,"href":"https:\/\/disenoweb.facmed.unam.mx\/index.php\/wp-json\/wp\/v2\/users\/1"}],"replies":[{"embeddable":true,"href":"https:\/\/disenoweb.facmed.unam.mx\/index.php\/wp-json\/wp\/v2\/comments?post=588"}],"version-history":[{"count":10,"href":"https:\/\/disenoweb.facmed.unam.mx\/index.php\/wp-json\/wp\/v2\/pages\/588\/revisions"}],"predecessor-version":[{"id":1415,"href":"https:\/\/disenoweb.facmed.unam.mx\/index.php\/wp-json\/wp\/v2\/pages\/588\/revisions\/1415"}],"wp:attachment":[{"href":"https:\/\/disenoweb.facmed.unam.mx\/index.php\/wp-json\/wp\/v2\/media?parent=588"}],"curies":[{"name":"wp","href":"https:\/\/api.w.org\/{rel}","templated":true}]}}