{"id":663,"date":"2018-04-06T09:48:24","date_gmt":"2018-04-06T15:48:24","guid":{"rendered":"https:\/\/disenoweb.facmed.unam.mx\/?page_id=663"},"modified":"2018-04-06T15:14:45","modified_gmt":"2018-04-06T21:14:45","slug":"insertar-pdf","status":"publish","type":"page","link":"https:\/\/disenoweb.facmed.unam.mx\/index.php\/insertar-pdf\/","title":{"rendered":"Insertar PDF"},"content":{"rendered":"<p>[et_pb_section fb_built=\u00bb1&#8243; background_color=\u00bb#e8e8e8&#8243; _builder_version=\u00bb3.0.94&#8243;][et_pb_row custom_padding=\u00bb0px|0px|27px|0px\u00bb _builder_version=\u00bb3.0.47&#8243; background_size=\u00bbinitial\u00bb background_position=\u00bbtop_left\u00bb background_repeat=\u00bbrepeat\u00bb][et_pb_column type=\u00bb4_4&#8243; _builder_version=\u00bb3.0.94&#8243; parallax=\u00bboff\u00bb parallax_method=\u00bbon\u00bb][et_pb_text _builder_version=\u00bb3.0.94&#8243; text_font=\u00bb||||||||\u00bb text_font_size=\u00bb81px\u00bb text_text_color=\u00bb#0cbbce\u00bb header_font=\u00bb||||||||\u00bb header_text_align=\u00bbcenter\u00bb text_orientation=\u00bbcenter\u00bb]<\/p>\n<p><span class=\"fa fa-file\"> <\/span><\/p>\n<h1><strong><\/strong><\/h1>\n<h1><strong>A\u00f1adir un PDF<br \/><\/strong><\/h1>\n<p>[\/et_pb_text][\/et_pb_column][\/et_pb_row][\/et_pb_section][et_pb_section fb_built=\u00bb1&#8243; _builder_version=\u00bb3.0.94&#8243;][et_pb_row custom_padding=\u00bb27px|0px|6px|0px\u00bb _builder_version=\u00bb3.0.94&#8243;][et_pb_column type=\u00bb1_2&#8243; _builder_version=\u00bb3.0.94&#8243; parallax=\u00bboff\u00bb parallax_method=\u00bbon\u00bb][et_pb_text _builder_version=\u00bb3.0.94&#8243; header_font=\u00bb|600|||||||\u00bb header_text_color=\u00bb#0ca5cc\u00bb background_color=\u00bb#f7f7f7&#8243; custom_padding=\u00bb30px|30px|30px|30px\u00bb]<\/p>\n<h1>A\u00f1adir PDF con imagen<\/h1>\n<p>1. Medios- A\u00f1adir nuevo<br \/> 2. Seleccionar archivo<br \/> 3. Copiar el enlace del pdf<br \/> 4. Ir a la p\u00e1gina<br \/> 5. Agregar m\u00f3dulo-Imagen<br \/> 6. Colocar el enlace del pdf<br \/> 7. Abrir en nueva pesta\u00f1a<\/p>\n<p>[\/et_pb_text][\/et_pb_column][et_pb_column type=\u00bb1_2&#8243; _builder_version=\u00bb3.0.94&#8243; parallax=\u00bboff\u00bb parallax_method=\u00bbon\u00bb][et_pb_video src=\u00bbhttps:\/\/disenoweb.facmed.unam.mx\/wp-content\/uploads\/2018\/04\/pdf-con-imagen.mov\u00bb _builder_version=\u00bb3.0.94&#8243;][\/et_pb_video][\/et_pb_column][\/et_pb_row][et_pb_row custom_padding=\u00bb27px|0px|6px|0px\u00bb _builder_version=\u00bb3.0.94&#8243;][et_pb_column type=\u00bb1_2&#8243; _builder_version=\u00bb3.0.94&#8243; parallax=\u00bboff\u00bb parallax_method=\u00bbon\u00bb][et_pb_text _builder_version=\u00bb3.0.94&#8243; header_font=\u00bb|600|||||||\u00bb header_text_color=\u00bb#0ca5cc\u00bb background_color=\u00bb#f7f7f7&#8243; custom_padding=\u00bb30px|30px|30px|30px\u00bb]<\/p>\n<h1>A\u00f1adir PDF con bot\u00f3n<\/h1>\n<p>1. Medios- A\u00f1adir nuevo<br \/> 2. Seleccionar archivo<br \/> 3. Copiar el enlace del pdf<br \/> 4. Ir a la p\u00e1gina<br \/> 5. Agregar m\u00f3dulo-bot\u00f3n<br \/> 6. Colocar el enlace del pdf<br \/> 7. Abrir en nueva pesta\u00f1a<\/p>\n<p>[\/et_pb_text][\/et_pb_column][et_pb_column type=\u00bb1_2&#8243; _builder_version=\u00bb3.0.94&#8243; parallax=\u00bboff\u00bb parallax_method=\u00bbon\u00bb][et_pb_video src=\u00bbhttps:\/\/disenoweb.facmed.unam.mx\/wp-content\/uploads\/2018\/04\/pdf-con-boton-.mov\u00bb _builder_version=\u00bb3.0.94&#8243;][\/et_pb_video][\/et_pb_column][\/et_pb_row][et_pb_row custom_padding=\u00bb27px|0px|6px|0px\u00bb _builder_version=\u00bb3.0.94&#8243;][et_pb_column type=\u00bb1_2&#8243; _builder_version=\u00bb3.0.94&#8243; parallax=\u00bboff\u00bb parallax_method=\u00bbon\u00bb][et_pb_text _builder_version=\u00bb3.0.94&#8243; header_font=\u00bb|600|||||||\u00bb header_text_color=\u00bb#0ca5cc\u00bb background_color=\u00bb#f7f7f7&#8243; custom_padding=\u00bb30px|30px|30px|30px\u00bb]<\/p>\n<h1>A\u00f1adir PDF con texto<\/h1>\n<p>1. Medios- A\u00f1adir nuevo<br \/> 2. Seleccionar archivo<br \/> 3. Copiar el enlace del pdf<br \/> 4. Ir a la p\u00e1gina<br \/> 5. Agregar m\u00f3dulo-texto<br \/> 6. Seleccionar texto y agregar ancla<br \/>\n7. Colocar el enlace del pdf<br \/>\n 8. Abrir en nueva pesta\u00f1a<\/p>\n<p>[\/et_pb_text][\/et_pb_column][et_pb_column type=\u00bb1_2&#8243; _builder_version=\u00bb3.0.94&#8243; parallax=\u00bboff\u00bb parallax_method=\u00bbon\u00bb][et_pb_video src=\u00bbhttps:\/\/disenoweb.facmed.unam.mx\/wp-content\/uploads\/2018\/04\/pdf-con-boton-.mov\u00bb _builder_version=\u00bb3.0.94&#8243;][\/et_pb_video][\/et_pb_column][\/et_pb_row][et_pb_row custom_padding=\u00bb27px|0px|3px|0px\u00bb _builder_version=\u00bb3.0.94&#8243;][et_pb_column type=\u00bb1_2&#8243; _builder_version=\u00bb3.0.94&#8243; parallax=\u00bboff\u00bb parallax_method=\u00bbon\u00bb][et_pb_text _builder_version=\u00bb3.0.94&#8243; header_font=\u00bb|600|||||||\u00bb header_text_color=\u00bb#0ca5cc\u00bb background_color=\u00bb#f7f7f7&#8243; custom_padding=\u00bb30px|30px|30px|30px\u00bb]<\/p>\n<h1>A\u00f1adir PDF en el Men\u00fa<\/h1>\n<p>1. Medios- A\u00f1adir nuevo<br \/>\n2. Seleccionar archivo<br \/>\n3. Copiar el enlace del pdf<br \/>\n4. Apariencia-Men\u00fas<br \/>\n5. Enlaces personalizados<br \/>\n6. A\u00f1adir al men\u00fa<br \/>\n7. Guardar men\u00fa[\/et_pb_text][\/et_pb_column][et_pb_column type=\u00bb1_2&#8243; _builder_version=\u00bb3.0.94&#8243; parallax=\u00bboff\u00bb parallax_method=\u00bbon\u00bb][et_pb_video src=\u00bbhttps:\/\/disenoweb.facmed.unam.mx\/wp-content\/uploads\/2018\/04\/PDF-MENU.mov\u00bb _builder_version=\u00bb3.0.94&#8243;][\/et_pb_video][\/et_pb_column][\/et_pb_row][\/et_pb_section]<\/p>\n","protected":false},"excerpt":{"rendered":"<p>A\u00f1adir un PDFA\u00f1adir PDF con imagen 1. Medios- A\u00f1adir nuevo 2. Seleccionar archivo 3. Copiar el enlace del pdf 4. Ir a la p\u00e1gina 5. Agregar m\u00f3dulo-Imagen 6. Colocar el enlace del pdf 7. Abrir en nueva pesta\u00f1aA\u00f1adir PDF con bot\u00f3n 1. Medios- A\u00f1adir nuevo 2. Seleccionar archivo 3. Copiar el enlace del pdf 4. [&hellip;]<\/p>\n","protected":false},"author":1,"featured_media":0,"parent":0,"menu_order":0,"comment_status":"closed","ping_status":"closed","template":"","meta":{"_et_pb_use_builder":"on","_et_pb_old_content":"","_et_gb_content_width":"","jetpack_post_was_ever_published":false,"footnotes":""},"jetpack_sharing_enabled":true,"jetpack_shortlink":"https:\/\/wp.me\/PaVGAT-aH","amp_enabled":true,"_links":{"self":[{"href":"https:\/\/disenoweb.facmed.unam.mx\/index.php\/wp-json\/wp\/v2\/pages\/663"}],"collection":[{"href":"https:\/\/disenoweb.facmed.unam.mx\/index.php\/wp-json\/wp\/v2\/pages"}],"about":[{"href":"https:\/\/disenoweb.facmed.unam.mx\/index.php\/wp-json\/wp\/v2\/types\/page"}],"author":[{"embeddable":true,"href":"https:\/\/disenoweb.facmed.unam.mx\/index.php\/wp-json\/wp\/v2\/users\/1"}],"replies":[{"embeddable":true,"href":"https:\/\/disenoweb.facmed.unam.mx\/index.php\/wp-json\/wp\/v2\/comments?post=663"}],"version-history":[{"count":14,"href":"https:\/\/disenoweb.facmed.unam.mx\/index.php\/wp-json\/wp\/v2\/pages\/663\/revisions"}],"predecessor-version":[{"id":770,"href":"https:\/\/disenoweb.facmed.unam.mx\/index.php\/wp-json\/wp\/v2\/pages\/663\/revisions\/770"}],"wp:attachment":[{"href":"https:\/\/disenoweb.facmed.unam.mx\/index.php\/wp-json\/wp\/v2\/media?parent=663"}],"curies":[{"name":"wp","href":"https:\/\/api.w.org\/{rel}","templated":true}]}}