{"id":940,"date":"2018-04-10T09:36:41","date_gmt":"2018-04-10T15:36:41","guid":{"rendered":"https:\/\/disenoweb.facmed.unam.mx\/?page_id=940"},"modified":"2018-10-09T16:14:36","modified_gmt":"2018-10-09T22:14:36","slug":"imagenes","status":"publish","type":"page","link":"https:\/\/disenoweb.facmed.unam.mx\/index.php\/imagenes\/","title":{"rendered":"Im\u00e1genes"},"content":{"rendered":"<p>[et_pb_section fb_built=\u00bb1&#8243; background_color=\u00bb#efefef\u00bb _builder_version=\u00bb3.0.94&#8243;][et_pb_row custom_padding=\u00bb0px|0px|27px|0px\u00bb _builder_version=\u00bb3.0.47&#8243; background_size=\u00bbinitial\u00bb background_position=\u00bbtop_left\u00bb background_repeat=\u00bbrepeat\u00bb][et_pb_column type=\u00bb4_4&#8243; _builder_version=\u00bb3.0.94&#8243; parallax=\u00bboff\u00bb parallax_method=\u00bbon\u00bb][et_pb_text _builder_version=\u00bb3.0.94&#8243; text_font=\u00bb||||||||\u00bb text_font_size=\u00bb81px\u00bb text_text_color=\u00bb#0cbbce\u00bb header_font=\u00bb||||||||\u00bb header_text_align=\u00bbcenter\u00bb text_orientation=\u00bbcenter\u00bb]<\/p>\n<p><svg class=\"svg-inline--fa fa-image fa-w-16\" aria-hidden=\"true\" data-prefix=\"fa\" data-icon=\"image\" role=\"img\" xmlns=\"http:\/\/www.w3.org\/2000\/svg\" viewbox=\"0 0 512 512\" data-fa-i2svg=\"\"><path fill=\"currentColor\" d=\"M464 448H48c-26.51 0-48-21.49-48-48V112c0-26.51 21.49-48 48-48h416c26.51 0 48 21.49 48 48v288c0 26.51-21.49 48-48 48zM112 120c-30.928 0-56 25.072-56 56s25.072 56 56 56 56-25.072 56-56-25.072-56-56-56zM64 384h384V272l-87.515-87.515c-4.686-4.686-12.284-4.686-16.971 0L208 320l-55.515-55.515c-4.686-4.686-12.284-4.686-16.971 0L64 336v48z\"><\/path><\/svg><!-- <span class=\"fa fa-image\"> <\/span> --><\/p>\n<h1><strong>Im\u00e1genes<br \/> <\/strong><\/h1>\n<p>[\/et_pb_text][\/et_pb_column][\/et_pb_row][\/et_pb_section][et_pb_section fb_built=\u00bb1&#8243; background_color=\u00bb#3f3f3f\u00bb _builder_version=\u00bb3.0.94&#8243; custom_padding=\u00bb18px|0px|0px|0px\u00bb][et_pb_row custom_padding=\u00bb40px|0px|24px|0px\u00bb _builder_version=\u00bb3.0.94&#8243;][et_pb_column type=\u00bb4_4&#8243; _builder_version=\u00bb3.0.94&#8243; parallax=\u00bboff\u00bb parallax_method=\u00bbon\u00bb][et_pb_text background_layout=\u00bbdark\u00bb _builder_version=\u00bb3.0.94&#8243; text_font=\u00bb||||||||\u00bb]<\/p>\n<p style=\"text-align: center;\">Las im\u00e1genes que utilizamos en nuestro sitio deben cumplir con requerimientos m\u00ednimos de calidad, una buena o mala imagen puede hacer la diferencia en como el usuario percibe la p\u00e1gina . En este tutorial podremos ver las cualidades que tiene una buena imagen y tambi\u00e9n\u00a0 la edici\u00f3n b\u00e1sica de estas. <\/p>\n<p>[\/et_pb_text][et_pb_button _builder_version=\u00bb3.0.94&#8243;][\/et_pb_button][\/et_pb_column][\/et_pb_row][et_pb_row custom_padding=\u00bb0px|0px|27px|0px\u00bb _builder_version=\u00bb3.0.94&#8243;][et_pb_column type=\u00bb1_4&#8243; _builder_version=\u00bb3.0.94&#8243; parallax=\u00bboff\u00bb parallax_method=\u00bbon\u00bb][et_pb_button button_url=\u00bb#cuidados\u00bb button_text=\u00bbCuidados \u00bb button_alignment=\u00bbcenter\u00bb _builder_version=\u00bb3.0.94&#8243; custom_button=\u00bbon\u00bb button_text_color=\u00bb#ffffff\u00bb button_bg_color=\u00bb#0ba2c4&#8243; button_border_width=\u00bb0px\u00bb button_font=\u00bb||||||||\u00bb][\/et_pb_button][\/et_pb_column][et_pb_column type=\u00bb1_4&#8243; _builder_version=\u00bb3.0.94&#8243; parallax=\u00bboff\u00bb parallax_method=\u00bbon\u00bb][et_pb_button button_url=\u00bb#Brillo\u00bb button_text=\u00bbBrillo y contraste\u00bb button_alignment=\u00bbcenter\u00bb _builder_version=\u00bb3.0.94&#8243; custom_button=\u00bbon\u00bb button_text_color=\u00bb#ffffff\u00bb button_bg_color=\u00bb#0ba2c4&#8243; button_border_width=\u00bb0px\u00bb button_font=\u00bb||||||||\u00bb][\/et_pb_button][\/et_pb_column][et_pb_column type=\u00bb1_4&#8243; _builder_version=\u00bb3.0.94&#8243; parallax=\u00bboff\u00bb parallax_method=\u00bbon\u00bb][et_pb_button button_url=\u00bb#recortar\u00bb button_text=\u00bbRecortar imagen \u00bb button_alignment=\u00bbcenter\u00bb _builder_version=\u00bb3.0.94&#8243; custom_button=\u00bbon\u00bb button_text_color=\u00bb#ffffff\u00bb button_bg_color=\u00bb#0ba2c4&#8243; button_border_width=\u00bb0px\u00bb button_font=\u00bb||||||||\u00bb][\/et_pb_button][\/et_pb_column][et_pb_column type=\u00bb1_4&#8243; _builder_version=\u00bb3.0.94&#8243; parallax=\u00bboff\u00bb parallax_method=\u00bbon\u00bb][et_pb_button button_url=\u00bb#ajustar\u00bb button_text=\u00bbAjustar imagen\u00bb button_alignment=\u00bbcenter\u00bb _builder_version=\u00bb3.0.94&#8243; custom_button=\u00bbon\u00bb button_text_color=\u00bb#ffffff\u00bb button_bg_color=\u00bb#0ba2c4&#8243; button_border_width=\u00bb0px\u00bb button_font=\u00bb||||||||\u00bb][\/et_pb_button][\/et_pb_column][\/et_pb_row][\/et_pb_section][et_pb_section fb_built=\u00bb1&#8243; _builder_version=\u00bb3.0.94&#8243; custom_padding=\u00bb44px|0px|94px|0px\u00bb][et_pb_row custom_padding=\u00bb58px|0px|39px|0px\u00bb _builder_version=\u00bb3.0.94&#8243;][et_pb_column type=\u00bb4_4&#8243; _builder_version=\u00bb3.0.94&#8243; parallax=\u00bboff\u00bb parallax_method=\u00bbon\u00bb][et_pb_text _builder_version=\u00bb3.0.94&#8243; header_font=\u00bb|600|||||||\u00bb]<\/p>\n<h1 style=\"text-align: center;\"><strong>Tama\u00f1o de las im\u00e1genes<\/strong><\/h1>\n<p>[\/et_pb_text][et_pb_tabs active_tab_background_color=\u00bb#0baabc\u00bb _builder_version=\u00bb3.0.94&#8243; tab_font=\u00bb||||||||\u00bb box_shadow_style=\u00bbpreset2&#8243;][et_pb_tab title=\u00bb1. Tama\u00f1o \u00bb _builder_version=\u00bb3.0.94&#8243;]<\/p>\n<p>El tama\u00f1o m\u00ednimo recomendado para las im\u00e1genes es de <strong>800px de ancho para utilizar en secciones medianas<\/strong>, y de<strong> 2000px para las que ocupan gran parte de la pantalla (como en el carrusel inicial).<\/strong><\/p>\n<p><img loading=\"lazy\" decoding=\"async\" class=\"wp-image-964 alignnone size-full\" src=\"..\/..\/wp-content\/uploads\/2018\/04\/imagenes.jpg\" alt=\"\" width=\"3300\" height=\"1009\" srcset=\"https:\/\/disenoweb.facmed.unam.mx\/wp-content\/uploads\/2018\/04\/imagenes.jpg 3300w, https:\/\/disenoweb.facmed.unam.mx\/wp-content\/uploads\/2018\/04\/imagenes-300x92.jpg 300w, https:\/\/disenoweb.facmed.unam.mx\/wp-content\/uploads\/2018\/04\/imagenes-768x235.jpg 768w, https:\/\/disenoweb.facmed.unam.mx\/wp-content\/uploads\/2018\/04\/imagenes-1024x313.jpg 1024w, https:\/\/disenoweb.facmed.unam.mx\/wp-content\/uploads\/2018\/04\/imagenes-1080x330.jpg 1080w\" sizes=\"(max-width: 3300px) 100vw, 3300px\" \/><\/p>\n<p>[\/et_pb_tab][et_pb_tab title=\u00bb2. C\u00f3mo saber de que tama\u00f1o son en Windows \u00bb _builder_version=\u00bb3.0.94&#8243;]2. Bot\u00f3n derecho sobre la imagen- Propiedades- Detalles- Imagen- Dimensiones<\/p>\n<p><img loading=\"lazy\" decoding=\"async\" class=\"wp-image-972 alignnone size-full\" style=\"display: block; margin-left: auto; margin-right: auto;\" src=\"..\/..\/wp-content\/uploads\/2018\/04\/como.jpg\" alt=\"\" width=\"569\" height=\"331\" srcset=\"https:\/\/disenoweb.facmed.unam.mx\/wp-content\/uploads\/2018\/04\/como.jpg 892w, https:\/\/disenoweb.facmed.unam.mx\/wp-content\/uploads\/2018\/04\/como-300x175.jpg 300w, https:\/\/disenoweb.facmed.unam.mx\/wp-content\/uploads\/2018\/04\/como-768x447.jpg 768w\" sizes=\"(max-width: 569px) 100vw, 569px\" \/><br \/>\n[\/et_pb_tab][et_pb_tab title=\u00bb3. C\u00f3mo saber el tama\u00f1o en Mac\u00bb _builder_version=\u00bb3.0.94&#8243;]<\/p>\n<p>3. Bot\u00f3n derecho sobre la imagen-Obtener informaci\u00f3n- M\u00e1s informaci\u00f3n- Dimensiones<\/p>\n<p><img loading=\"lazy\" decoding=\"async\" class=\"wp-image-978 alignnone size-full\" style=\"display: block; margin-left: auto; margin-right: auto;\" src=\"..\/..\/wp-content\/uploads\/2018\/04\/como3.jpg\" alt=\"\" width=\"657\" height=\"331\" srcset=\"https:\/\/disenoweb.facmed.unam.mx\/wp-content\/uploads\/2018\/04\/como3.jpg 892w, https:\/\/disenoweb.facmed.unam.mx\/wp-content\/uploads\/2018\/04\/como3-300x151.jpg 300w, https:\/\/disenoweb.facmed.unam.mx\/wp-content\/uploads\/2018\/04\/como3-768x387.jpg 768w\" sizes=\"(max-width: 657px) 100vw, 657px\" \/><\/p>\n<p>[\/et_pb_tab][\/et_pb_tabs][\/et_pb_column][\/et_pb_row][\/et_pb_section][et_pb_section fb_built=\u00bb1&#8243; background_color=\u00bb#f2f2f2&#8243; module_id=\u00bbcuidados\u00bb _builder_version=\u00bb3.0.94&#8243; custom_padding=\u00bb54px|0px|117px|0px\u00bb][et_pb_row custom_padding=\u00bb70px|0px|27px|0px\u00bb _builder_version=\u00bb3.0.94&#8243;][et_pb_column type=\u00bb4_4&#8243; _builder_version=\u00bb3.0.94&#8243; parallax=\u00bboff\u00bb parallax_method=\u00bbon\u00bb][et_pb_text _builder_version=\u00bb3.0.94&#8243;]<\/p>\n<h1 style=\"text-align: center;\"><strong>Cuidados<\/strong><\/h1>\n<p>[\/et_pb_text][et_pb_tabs active_tab_background_color=\u00bb#0b9cc4&#8243; _builder_version=\u00bb3.0.94&#8243; tab_font=\u00bb||||||||\u00bb box_shadow_style=\u00bbpreset2&#8243;][et_pb_tab title=\u00bb1. No forzar el tama\u00f1o de la imagen\u00bb _builder_version=\u00bb3.0.94&#8243;]Debemos respetar el taman\u0303o original de las ima\u0301genes: si es de formato pequen\u0303o, no debemos forzar su taman\u0303o, ya que no debe apreciarse borrosa o que sus pi\u0301xeles sean visibles.<\/p>\n<p><img loading=\"lazy\" decoding=\"async\" class=\"wp-image-989 alignnone size-full\" src=\"https:\/\/disenoweb.facmed.unam.mx\/wp-content\/uploads\/2018\/04\/Captura-de-pantalla-2018-04-10-a-las-1.47.08-p.m..png\" alt=\"\" width=\"2616\" height=\"1226\" srcset=\"https:\/\/disenoweb.facmed.unam.mx\/wp-content\/uploads\/2018\/04\/Captura-de-pantalla-2018-04-10-a-las-1.47.08-p.m..png 2616w, https:\/\/disenoweb.facmed.unam.mx\/wp-content\/uploads\/2018\/04\/Captura-de-pantalla-2018-04-10-a-las-1.47.08-p.m.-300x141.png 300w, https:\/\/disenoweb.facmed.unam.mx\/wp-content\/uploads\/2018\/04\/Captura-de-pantalla-2018-04-10-a-las-1.47.08-p.m.-768x360.png 768w, https:\/\/disenoweb.facmed.unam.mx\/wp-content\/uploads\/2018\/04\/Captura-de-pantalla-2018-04-10-a-las-1.47.08-p.m.-1024x480.png 1024w, https:\/\/disenoweb.facmed.unam.mx\/wp-content\/uploads\/2018\/04\/Captura-de-pantalla-2018-04-10-a-las-1.47.08-p.m.-1080x506.png 1080w\" sizes=\"(max-width: 2616px) 100vw, 2616px\" \/><br \/>\n[\/et_pb_tab][et_pb_tab title=\u00bb2. Respetar las proporciones de las im\u00e1genes \u00bb _builder_version=\u00bb3.0.94&#8243;]Si la imagen tiene un ancho y largo determinado no debemos alterar ninguno de estos factores con el fin de llenar.<\/p>\n<p><img loading=\"lazy\" decoding=\"async\" class=\"wp-image-990 alignnone size-full\" src=\"..\/..\/wp-content\/uploads\/2018\/04\/Captura-de-pantalla-2018-04-10-a-las-1.49.13-p.m..png\" alt=\"\" width=\"2020\" height=\"1156\" srcset=\"https:\/\/disenoweb.facmed.unam.mx\/wp-content\/uploads\/2018\/04\/Captura-de-pantalla-2018-04-10-a-las-1.49.13-p.m..png 2020w, https:\/\/disenoweb.facmed.unam.mx\/wp-content\/uploads\/2018\/04\/Captura-de-pantalla-2018-04-10-a-las-1.49.13-p.m.-300x172.png 300w, https:\/\/disenoweb.facmed.unam.mx\/wp-content\/uploads\/2018\/04\/Captura-de-pantalla-2018-04-10-a-las-1.49.13-p.m.-768x440.png 768w, https:\/\/disenoweb.facmed.unam.mx\/wp-content\/uploads\/2018\/04\/Captura-de-pantalla-2018-04-10-a-las-1.49.13-p.m.-1024x586.png 1024w, https:\/\/disenoweb.facmed.unam.mx\/wp-content\/uploads\/2018\/04\/Captura-de-pantalla-2018-04-10-a-las-1.49.13-p.m.-1080x618.png 1080w\" sizes=\"(max-width: 2020px) 100vw, 2020px\" \/><br \/>\n[\/et_pb_tab][et_pb_tab title=\u00bb3. Uniformidad en las im\u00e1genes\u00bb _builder_version=\u00bb3.0.94&#8243;]Si tenemos diferentes im\u00e1genes continuas en una galer\u00eda debemos procurar que todas sean del mismo tama\u00f1o para que se aprecie un orden en la composici\u00f3n. <strong>En la secci\u00f3n edici\u00f3n\u00a0 de este tutorial podemos ver como ajustar las im\u00e1genes al mismo tama\u00f1o.<\/strong><br \/>\n<img loading=\"lazy\" decoding=\"async\" class=\"wp-image-991 alignnone size-full\" src=\"..\/..\/wp-content\/uploads\/2018\/04\/Captura-de-pantalla-2018-04-10-a-las-1.51.07-p.m..png\" alt=\"\" width=\"2388\" height=\"1174\" srcset=\"https:\/\/disenoweb.facmed.unam.mx\/wp-content\/uploads\/2018\/04\/Captura-de-pantalla-2018-04-10-a-las-1.51.07-p.m..png 2388w, https:\/\/disenoweb.facmed.unam.mx\/wp-content\/uploads\/2018\/04\/Captura-de-pantalla-2018-04-10-a-las-1.51.07-p.m.-300x147.png 300w, https:\/\/disenoweb.facmed.unam.mx\/wp-content\/uploads\/2018\/04\/Captura-de-pantalla-2018-04-10-a-las-1.51.07-p.m.-768x378.png 768w, https:\/\/disenoweb.facmed.unam.mx\/wp-content\/uploads\/2018\/04\/Captura-de-pantalla-2018-04-10-a-las-1.51.07-p.m.-1024x503.png 1024w, https:\/\/disenoweb.facmed.unam.mx\/wp-content\/uploads\/2018\/04\/Captura-de-pantalla-2018-04-10-a-las-1.51.07-p.m.-1080x531.png 1080w\" sizes=\"(max-width: 2388px) 100vw, 2388px\" \/><\/p>\n<p><img loading=\"lazy\" decoding=\"async\" class=\"wp-image-992 alignnone size-full\" src=\"..\/..\/wp-content\/uploads\/2018\/04\/Captura-de-pantalla-2018-04-10-a-las-1.51.15-p.m..png\" alt=\"\" width=\"2598\" height=\"1448\" srcset=\"https:\/\/disenoweb.facmed.unam.mx\/wp-content\/uploads\/2018\/04\/Captura-de-pantalla-2018-04-10-a-las-1.51.15-p.m..png 2598w, https:\/\/disenoweb.facmed.unam.mx\/wp-content\/uploads\/2018\/04\/Captura-de-pantalla-2018-04-10-a-las-1.51.15-p.m.-300x167.png 300w, https:\/\/disenoweb.facmed.unam.mx\/wp-content\/uploads\/2018\/04\/Captura-de-pantalla-2018-04-10-a-las-1.51.15-p.m.-768x428.png 768w, https:\/\/disenoweb.facmed.unam.mx\/wp-content\/uploads\/2018\/04\/Captura-de-pantalla-2018-04-10-a-las-1.51.15-p.m.-1024x571.png 1024w, https:\/\/disenoweb.facmed.unam.mx\/wp-content\/uploads\/2018\/04\/Captura-de-pantalla-2018-04-10-a-las-1.51.15-p.m.-1080x602.png 1080w\" sizes=\"(max-width: 2598px) 100vw, 2598px\" \/><br \/>\n[\/et_pb_tab][\/et_pb_tabs][\/et_pb_column][\/et_pb_row][\/et_pb_section][et_pb_section fb_built=\u00bb1&#8243; _builder_version=\u00bb3.0.94&#8243;][et_pb_row custom_padding=\u00bb44px|0px|0px|0px\u00bb _builder_version=\u00bb3.0.94&#8243;][et_pb_column type=\u00bb4_4&#8243; _builder_version=\u00bb3.0.94&#8243; parallax=\u00bboff\u00bb parallax_method=\u00bbon\u00bb][et_pb_text _builder_version=\u00bb3.0.94&#8243;]<\/p>\n<h1 style=\"text-align: center;\"><strong>Edicion b\u00e1sica de im\u00e1genes<\/strong><\/h1>\n<p>&nbsp;<\/p>\n<p>Existen diferentes tipos de programas que podemos utilizar para la edici\u00f3n de im\u00e1genes, en este tutorial utilizaremos\u00a0 <a href=\"http:\/\/photoshopen.blogspot.com\">https:\/\/pixlr.com\/editor\/<\/a>\u00a0 es un editor de im\u00e1genes en linea y gratuito.<\/p>\n<p>&nbsp;<\/p>\n<p>[\/et_pb_text][\/et_pb_column][\/et_pb_row][et_pb_row custom_padding=\u00bb45px|30px|47px|30px\u00bb custom_margin=\u00bb|||\u00bb module_id=\u00bbBrillo\u00bb _builder_version=\u00bb3.0.94&#8243; box_shadow_style=\u00bbpreset2&#8243;][et_pb_column type=\u00bb4_4&#8243; _builder_version=\u00bb3.0.94&#8243; parallax=\u00bboff\u00bb parallax_method=\u00bbon\u00bb][et_pb_text _builder_version=\u00bb3.0.94&#8243;]<\/p>\n<h3><span style=\"color: #0ba8c4;\"><strong>Ajustar brillo y contraste<\/strong><\/span><\/h3>\n<p>El brillo y el contraste nos ayudara a mejorar una imagen sobre expuesta u opaca.<\/p>\n<p>1. Archivo- Nueva imagen \u00a0<strong> 2. Ajustes- Brillo y contraste<\/strong> \u00a0\u00a0 3. Ajustar los niveles\u00a0 \u00a0 <strong>4. Archivo- Guardar<\/strong><\/p>\n<p><strong><\/strong><\/p>\n<h2><strong>V\u00eddeo<\/strong><\/h2>\n<p>[\/et_pb_text][et_pb_video src=\u00bbhttps:\/\/disenoweb.facmed.unam.mx\/wp-content\/uploads\/2018\/04\/brillo.mov\u00bb play_icon_color=\u00bb#f79000&#8243; _builder_version=\u00bb3.0.94&#8243;][\/et_pb_video][\/et_pb_column][\/et_pb_row][et_pb_row custom_padding=\u00bb50px|30px|58px|30px\u00bb custom_margin=\u00bb80px|||\u00bb module_id=\u00bbrecortar\u00bb _builder_version=\u00bb3.0.94&#8243; box_shadow_style=\u00bbpreset1&#8243;][et_pb_column type=\u00bb4_4&#8243; _builder_version=\u00bb3.0.94&#8243; parallax=\u00bboff\u00bb parallax_method=\u00bbon\u00bb][et_pb_text _builder_version=\u00bb3.0.94&#8243; header_font=\u00bb|600|||||||\u00bb header_4_font=\u00bb|600|||||||\u00bb]<\/p>\n<h3><span style=\"color: #0ba8c4;\"><strong>Recortar imagen<\/strong><\/span><\/h3>\n<p>Recortar im\u00e1genes para ajustar el tama\u00f1o o\u00a0 alg\u00fana parte de la fotograf\u00eda\u00a0 no deseada.<\/p>\n<p>1. Archivo-Nueva imagen\u00a0<strong> 2. Seleccionar herramienta de corte<\/strong>\u00a0 3. Seleccionar secci\u00f3n- Recortar\u00a0 <strong>4. Archivo- Guardar<\/strong><\/p>\n<h2><strong><\/strong><\/h2>\n<h2><strong><\/strong><\/h2>\n<h2><strong>Video<\/strong><\/h2>\n<p>[\/et_pb_text][et_pb_video src=\u00bbhttps:\/\/disenoweb.facmed.unam.mx\/wp-content\/uploads\/2018\/04\/recortar.mov\u00bb _builder_version=\u00bb3.0.94&#8243;][\/et_pb_video][\/et_pb_column][\/et_pb_row][et_pb_row custom_padding=\u00bb27px|30px|61px|30px\u00bb custom_margin=\u00bb80px|||\u00bb module_id=\u00bbajustar\u00bb _builder_version=\u00bb3.0.94&#8243; box_shadow_style=\u00bbpreset1&#8243;][et_pb_column type=\u00bb4_4&#8243; _builder_version=\u00bb3.0.94&#8243; parallax=\u00bboff\u00bb parallax_method=\u00bbon\u00bb][et_pb_text _builder_version=\u00bb3.0.94&#8243;]<\/p>\n<h3><span style=\"color: rgba(255, 255, 255, 0);\"><strong>#0ba8c<\/strong><\/span><\/h3>\n<h3><span style=\"color: #0cb9c9;\"><strong>Ajustar im\u00e1genes<\/strong><\/span><\/h3>\n<p>Dimensionar im\u00e1genes en un\u00a0 tama\u00f1o en especifico ayudara a crear uniformidad en la p\u00e1ginas, tanto en secciones como en galer\u00eda es importante que las im\u00e1genes\u00a0 que se encuentren juntas tengan las mismas dimensiones.<\/p>\n<p><img loading=\"lazy\" decoding=\"async\" src=\"..\/..\/wp-content\/uploads\/2018\/04\/Captura-de-pantalla-2018-04-10-a-las-4.52.59-p.m..png\" alt=\"\" class=\"wp-image-1056 alignnone size-full\" width=\"2268\" height=\"626\" srcset=\"https:\/\/disenoweb.facmed.unam.mx\/wp-content\/uploads\/2018\/04\/Captura-de-pantalla-2018-04-10-a-las-4.52.59-p.m..png 2268w, https:\/\/disenoweb.facmed.unam.mx\/wp-content\/uploads\/2018\/04\/Captura-de-pantalla-2018-04-10-a-las-4.52.59-p.m.-300x83.png 300w, https:\/\/disenoweb.facmed.unam.mx\/wp-content\/uploads\/2018\/04\/Captura-de-pantalla-2018-04-10-a-las-4.52.59-p.m.-768x212.png 768w, https:\/\/disenoweb.facmed.unam.mx\/wp-content\/uploads\/2018\/04\/Captura-de-pantalla-2018-04-10-a-las-4.52.59-p.m.-1024x283.png 1024w, https:\/\/disenoweb.facmed.unam.mx\/wp-content\/uploads\/2018\/04\/Captura-de-pantalla-2018-04-10-a-las-4.52.59-p.m.-1080x298.png 1080w\" sizes=\"(max-width: 2268px) 100vw, 2268px\" \/><\/p>\n<p>[\/et_pb_text][et_pb_text _builder_version=\u00bb3.0.94&#8243;]<\/p>\n<p>1. Archivo-Abrir imagen\u00a0<strong> 2. Editar- Trasformaci\u00f3n libre\u00a0<\/strong> 3. Ajustar imagen <strong>4. Guardar<\/strong>\u00a0 5. Capa-Abrir imagen como capa\u00a0 <strong>6. Editar- Trasformaci\u00f3n libre\u00a0<\/strong><\/p>\n<p>7. Ajustar imagen\u00a0 <strong>8.Guardar imagen<\/strong><\/p>\n<p><strong><\/strong><\/p>\n<h2><strong><\/strong><\/h2>\n<h2><strong><\/strong><\/h2>\n<h2><strong>Video<\/strong><\/h2>\n<p>[\/et_pb_text][et_pb_video src=\u00bbhttps:\/\/disenoweb.facmed.unam.mx\/wp-content\/uploads\/2018\/04\/AJUSTAR-IMAGEN.mov\u00bb _builder_version=\u00bb3.0.94&#8243;][\/et_pb_video][\/et_pb_column][\/et_pb_row][\/et_pb_section]<\/p>\n","protected":false},"excerpt":{"rendered":"<p>Im\u00e1genes Las im\u00e1genes que utilizamos en nuestro sitio deben cumplir con requerimientos m\u00ednimos de calidad, una buena o mala imagen puede hacer la diferencia en como el usuario percibe la p\u00e1gina . En este tutorial podremos ver las cualidades que tiene una buena imagen y tambi\u00e9n\u00a0 la edici\u00f3n b\u00e1sica de estas. Tama\u00f1o de las im\u00e1genesEl [&hellip;]<\/p>\n","protected":false},"author":1,"featured_media":0,"parent":0,"menu_order":0,"comment_status":"closed","ping_status":"closed","template":"","meta":{"_et_pb_use_builder":"on","_et_pb_old_content":"","_et_gb_content_width":"","jetpack_post_was_ever_published":false,"footnotes":""},"jetpack_sharing_enabled":true,"jetpack_shortlink":"https:\/\/wp.me\/PaVGAT-fa","amp_enabled":true,"_links":{"self":[{"href":"https:\/\/disenoweb.facmed.unam.mx\/index.php\/wp-json\/wp\/v2\/pages\/940"}],"collection":[{"href":"https:\/\/disenoweb.facmed.unam.mx\/index.php\/wp-json\/wp\/v2\/pages"}],"about":[{"href":"https:\/\/disenoweb.facmed.unam.mx\/index.php\/wp-json\/wp\/v2\/types\/page"}],"author":[{"embeddable":true,"href":"https:\/\/disenoweb.facmed.unam.mx\/index.php\/wp-json\/wp\/v2\/users\/1"}],"replies":[{"embeddable":true,"href":"https:\/\/disenoweb.facmed.unam.mx\/index.php\/wp-json\/wp\/v2\/comments?post=940"}],"version-history":[{"count":72,"href":"https:\/\/disenoweb.facmed.unam.mx\/index.php\/wp-json\/wp\/v2\/pages\/940\/revisions"}],"predecessor-version":[{"id":1528,"href":"https:\/\/disenoweb.facmed.unam.mx\/index.php\/wp-json\/wp\/v2\/pages\/940\/revisions\/1528"}],"wp:attachment":[{"href":"https:\/\/disenoweb.facmed.unam.mx\/index.php\/wp-json\/wp\/v2\/media?parent=940"}],"curies":[{"name":"wp","href":"https:\/\/api.w.org\/{rel}","templated":true}]}}